

{"id":5536,"date":"2018-10-26T10:07:58","date_gmt":"2018-10-26T08:07:58","guid":{"rendered":"https:\/\/norecu.de\/?page_id=5536"},"modified":"2021-02-04T16:56:43","modified_gmt":"2021-02-04T15:56:43","slug":"duesseldorf","status":"publish","type":"page","link":"https:\/\/norecu.de\/en\/locations\/duesseldorf\/","title":{"rendered":"D\u00fcsseldorf"},"content":{"rendered":"<div id=\"pl-5536\"  class=\"panel-layout\" ><div id=\"pg-5536-0\"  class=\"panel-grid panel-no-style\" ><div id=\"pgc-5536-0-0\"  class=\"panel-grid-cell\" ><div id=\"panel-5536-0-0-0\" class=\"so-panel widget widget_sow-editor panel-first-child\" data-index=\"0\" ><div\n\t\t\t\n\t\t\tclass=\"so-widget-sow-editor so-widget-sow-editor-base\"\n\t\t\t\n\t\t>\n<div class=\"siteorigin-widget-tinymce textwidget\">\n\t<h1>D\u00fcsseldorf<\/h1>\n<p>The branch office of Norecu Executive Search GmbH in D\u00fcsseldorf is located on Schirmerstra\u00dfe and offers excellent transport connections.<\/p>\n<p>Being an international business market, the Rhine-Ruhr region plays in the same league as New York, London or Paris and represents Germany\u2019s largest economic centre. The key sectors of industry of North Rhine-Westphalia are located in this region, such as the mechanical engineering sector, the electronics and automotive industry as well as the plastics and chemicals industry.<\/p>\n<p>In addition to the TIME and energy industries as well as the commerce sector, a large number of internationally successful companies can be found in the D\u00fcsseldorf region.<\/p>\n<p>Due to a longstanding network with the decision makers of the businesses based in the Rhine-Ruhr region, we are in the perfect position to match companies and executives while taking the specific needs and cultural factors into consideration.<\/p>\n<p>D\u00fcsseldorf is known as the top working location within Germany and hence attracts and retains various economic sectors and branches of industry. However, D\u00fcsseldorf and the Rhine-Ruhr region is not only a prime location for global corporations. Also small and medium-sized companies as well as owner-managed start-ups chose this region for their headquarter location.<\/p>\n<\/div>\n<\/div><\/div><div id=\"panel-5536-0-0-1\" class=\"so-panel widget widget_sow-editor panel-last-child\" data-index=\"1\" ><div\n\t\t\t\n\t\t\tclass=\"so-widget-sow-editor so-widget-sow-editor-base\"\n\t\t\t\n\t\t>\n<div class=\"siteorigin-widget-tinymce textwidget\">\n\t<h2>Your Arrival<\/h2>\n<p>Our NRW branch office is located on Schirmerstra\u00dfe in D\u00fcsseldorf-Pempelfort. From the D\u00fcsseldorf airport you can reach our office by car in approximately 15 minutes and by public transport in approximately 30 minutes with Line S1 to D\u00fcsseldorf Wehrhahn S. From the D\u00fcsseldorf main railway station (Hauptbahnhof D\u00fcsseldorf) it is just one stop to Wehrhahn S with Line S1. You could also take a taxi \u2013 it only takes about five minutes.<\/p>\n<\/div>\n<\/div><\/div><\/div><\/div><div id=\"pg-5536-1\"  class=\"panel-grid panel-no-style\" ><div id=\"pgc-5536-1-0\"  class=\"panel-grid-cell panel-grid-cell-mobile-last\" ><div id=\"panel-5536-1-0-0\" class=\"so-panel widget widget_sow-editor panel-first-child panel-last-child\" data-index=\"2\" ><div\n\t\t\t\n\t\t\tclass=\"so-widget-sow-editor so-widget-sow-editor-base\"\n\t\t\t\n\t\t>\n<div class=\"siteorigin-widget-tinymce textwidget\">\n\t<p>Norecu Executive Search GmbH<br \/>\nIndustriehaus D\u00fcsseldorf<br \/>\nSchirmerstra\u00dfe 80<br \/>\n40211 D\u00fcsseldorf<br \/>\nPhone: +49 211 158 265 23<\/p>\n<\/div>\n<\/div><\/div><\/div><div id=\"pgc-5536-1-1\"  class=\"panel-grid-cell panel-grid-cell-empty\" ><\/div><\/div><div id=\"pg-5536-2\"  class=\"panel-grid panel-no-style\" ><div id=\"pgc-5536-2-0\"  class=\"panel-grid-cell\" ><div id=\"panel-5536-2-0-0\" class=\"so-panel widget widget_nav_menu panel-first-child panel-last-child\" data-index=\"3\" ><div class=\"norecu-teaser-menu panel-widget-style panel-widget-style-for-5536-2-0-0\" ><div class=\"menu-norecu-standortboxen-en-container\"><ul id=\"menu-norecu-standortboxen-en\" class=\"menu\"><li id=\"menu-item-6015\" class=\"menu-item menu-item-type-post_type menu-item-object-page menu-item-6015\"><a href=\"https:\/\/norecu.de\/en\/locations\/munich\/\">Munich<\/a><\/li>\n<li id=\"menu-item-6014\" class=\"menu-item menu-item-type-post_type menu-item-object-page menu-item-6014\"><a href=\"https:\/\/norecu.de\/en\/locations\/duesseldorf\/\">D\u00fcsseldorf<\/a><\/li>\n<li id=\"menu-item-6324\" class=\"menu-item menu-item-type-post_type menu-item-object-page menu-item-6324\"><a href=\"https:\/\/norecu.de\/en\/locations\/swiss\/\">Swiss<\/a><\/li>\n<\/ul><\/div><\/div><\/div><\/div><\/div><\/div>","protected":false},"excerpt":{"rendered":"<p>D\u00fcsseldorf The branch office of Norecu Executive Search GmbH in D\u00fcsseldorf is located on Schirmerstra\u00dfe and offers excellent transport connections. Being an international business market, the Rhine-Ruhr region plays in the same league as New York, London or Paris and represents Germany\u2019s largest economic centre. The key sectors of industry of North Rhine-Westphalia are located [&hellip;]<\/p>\n","protected":false},"author":12,"featured_media":0,"parent":5529,"menu_order":0,"comment_status":"closed","ping_status":"closed","template":"","meta":{"footnotes":""},"yoast_head":"<!-- This site is optimized with the Yoast SEO plugin v22.9 - https:\/\/yoast.com\/wordpress\/plugins\/seo\/ -->\n<title>D\u00fcsseldorf - Norecu Executive Search GmbH<\/title>\n<meta name=\"robots\" content=\"index, follow, max-snippet:-1, max-image-preview:large, max-video-preview:-1\" \/>\n<link rel=\"canonical\" href=\"https:\/\/norecu.de\/en\/locations\/duesseldorf\/\" \/>\n<meta property=\"og:locale\" content=\"en_US\" \/>\n<meta property=\"og:type\" content=\"article\" \/>\n<meta property=\"og:title\" content=\"D\u00fcsseldorf - Norecu Executive Search GmbH\" \/>\n<meta property=\"og:description\" content=\"D\u00fcsseldorf The branch office of Norecu Executive Search GmbH in D\u00fcsseldorf is located on Schirmerstra\u00dfe and offers excellent transport connections. Being an international business market, the Rhine-Ruhr region plays in the same league as New York, London or Paris and represents Germany\u2019s largest economic centre. The key sectors of industry of North Rhine-Westphalia are located [&hellip;]\" \/>\n<meta property=\"og:url\" content=\"https:\/\/norecu.de\/en\/locations\/duesseldorf\/\" \/>\n<meta property=\"og:site_name\" content=\"Norecu Executive Search GmbH\" \/>\n<meta property=\"article:modified_time\" content=\"2021-02-04T15:56:43+00:00\" \/>\n<meta name=\"twitter:card\" content=\"summary_large_image\" \/>\n<meta name=\"twitter:label1\" content=\"Est. reading time\" \/>\n\t<meta name=\"twitter:data1\" content=\"2 minutes\" \/>\n<script type=\"application\/ld+json\" class=\"yoast-schema-graph\">{\"@context\":\"https:\/\/schema.org\",\"@graph\":[{\"@type\":\"WebPage\",\"@id\":\"https:\/\/norecu.de\/en\/locations\/duesseldorf\/\",\"url\":\"https:\/\/norecu.de\/en\/locations\/duesseldorf\/\",\"name\":\"D\u00fcsseldorf - Norecu Executive Search GmbH\",\"isPartOf\":{\"@id\":\"https:\/\/norecu.de\/#website\"},\"datePublished\":\"2018-10-26T08:07:58+00:00\",\"dateModified\":\"2021-02-04T15:56:43+00:00\",\"breadcrumb\":{\"@id\":\"https:\/\/norecu.de\/en\/locations\/duesseldorf\/#breadcrumb\"},\"inLanguage\":\"en-US\",\"potentialAction\":[{\"@type\":\"ReadAction\",\"target\":[\"https:\/\/norecu.de\/en\/locations\/duesseldorf\/\"]}]},{\"@type\":\"BreadcrumbList\",\"@id\":\"https:\/\/norecu.de\/en\/locations\/duesseldorf\/#breadcrumb\",\"itemListElement\":[{\"@type\":\"ListItem\",\"position\":1,\"name\":\"Home\",\"item\":\"https:\/\/norecu.de\/en\/\"},{\"@type\":\"ListItem\",\"position\":2,\"name\":\"Locations\",\"item\":\"https:\/\/norecu.de\/en\/locations\/\"},{\"@type\":\"ListItem\",\"position\":3,\"name\":\"D\u00fcsseldorf\"}]},{\"@type\":\"WebSite\",\"@id\":\"https:\/\/norecu.de\/#website\",\"url\":\"https:\/\/norecu.de\/\",\"name\":\"Norecu Executive Search GmbH\",\"description\":\"\",\"publisher\":{\"@id\":\"https:\/\/norecu.de\/#organization\"},\"potentialAction\":[{\"@type\":\"SearchAction\",\"target\":{\"@type\":\"EntryPoint\",\"urlTemplate\":\"https:\/\/norecu.de\/?s={search_term_string}\"},\"query-input\":\"required name=search_term_string\"}],\"inLanguage\":\"en-US\"},{\"@type\":\"Organization\",\"@id\":\"https:\/\/norecu.de\/#organization\",\"name\":\"Norecu Executive Search GmbH\",\"url\":\"https:\/\/norecu.de\/\",\"logo\":{\"@type\":\"ImageObject\",\"inLanguage\":\"en-US\",\"@id\":\"https:\/\/norecu.de\/#\/schema\/logo\/image\/\",\"url\":\"https:\/\/norecu.de\/wp-content\/uploads\/Norecu_Logo_1.0.png\",\"contentUrl\":\"https:\/\/norecu.de\/wp-content\/uploads\/Norecu_Logo_1.0.png\",\"width\":23623,\"height\":2286,\"caption\":\"Norecu Executive Search GmbH\"},\"image\":{\"@id\":\"https:\/\/norecu.de\/#\/schema\/logo\/image\/\"}}]}<\/script>\n<!-- \/ Yoast SEO plugin. -->","yoast_head_json":{"title":"D\u00fcsseldorf - Norecu Executive Search GmbH","robots":{"index":"index","follow":"follow","max-snippet":"max-snippet:-1","max-image-preview":"max-image-preview:large","max-video-preview":"max-video-preview:-1"},"canonical":"https:\/\/norecu.de\/en\/locations\/duesseldorf\/","og_locale":"en_US","og_type":"article","og_title":"D\u00fcsseldorf - Norecu Executive Search GmbH","og_description":"D\u00fcsseldorf The branch office of Norecu Executive Search GmbH in D\u00fcsseldorf is located on Schirmerstra\u00dfe and offers excellent transport connections. Being an international business market, the Rhine-Ruhr region plays in the same league as New York, London or Paris and represents Germany\u2019s largest economic centre. The key sectors of industry of North Rhine-Westphalia are located [&hellip;]","og_url":"https:\/\/norecu.de\/en\/locations\/duesseldorf\/","og_site_name":"Norecu Executive Search GmbH","article_modified_time":"2021-02-04T15:56:43+00:00","twitter_card":"summary_large_image","twitter_misc":{"Est. reading time":"2 minutes"},"schema":{"@context":"https:\/\/schema.org","@graph":[{"@type":"WebPage","@id":"https:\/\/norecu.de\/en\/locations\/duesseldorf\/","url":"https:\/\/norecu.de\/en\/locations\/duesseldorf\/","name":"D\u00fcsseldorf - Norecu Executive Search GmbH","isPartOf":{"@id":"https:\/\/norecu.de\/#website"},"datePublished":"2018-10-26T08:07:58+00:00","dateModified":"2021-02-04T15:56:43+00:00","breadcrumb":{"@id":"https:\/\/norecu.de\/en\/locations\/duesseldorf\/#breadcrumb"},"inLanguage":"en-US","potentialAction":[{"@type":"ReadAction","target":["https:\/\/norecu.de\/en\/locations\/duesseldorf\/"]}]},{"@type":"BreadcrumbList","@id":"https:\/\/norecu.de\/en\/locations\/duesseldorf\/#breadcrumb","itemListElement":[{"@type":"ListItem","position":1,"name":"Home","item":"https:\/\/norecu.de\/en\/"},{"@type":"ListItem","position":2,"name":"Locations","item":"https:\/\/norecu.de\/en\/locations\/"},{"@type":"ListItem","position":3,"name":"D\u00fcsseldorf"}]},{"@type":"WebSite","@id":"https:\/\/norecu.de\/#website","url":"https:\/\/norecu.de\/","name":"Norecu Executive Search GmbH","description":"","publisher":{"@id":"https:\/\/norecu.de\/#organization"},"potentialAction":[{"@type":"SearchAction","target":{"@type":"EntryPoint","urlTemplate":"https:\/\/norecu.de\/?s={search_term_string}"},"query-input":"required name=search_term_string"}],"inLanguage":"en-US"},{"@type":"Organization","@id":"https:\/\/norecu.de\/#organization","name":"Norecu Executive Search GmbH","url":"https:\/\/norecu.de\/","logo":{"@type":"ImageObject","inLanguage":"en-US","@id":"https:\/\/norecu.de\/#\/schema\/logo\/image\/","url":"https:\/\/norecu.de\/wp-content\/uploads\/Norecu_Logo_1.0.png","contentUrl":"https:\/\/norecu.de\/wp-content\/uploads\/Norecu_Logo_1.0.png","width":23623,"height":2286,"caption":"Norecu Executive Search GmbH"},"image":{"@id":"https:\/\/norecu.de\/#\/schema\/logo\/image\/"}}]}},"_links":{"self":[{"href":"https:\/\/norecu.de\/en\/wp-json\/wp\/v2\/pages\/5536"}],"collection":[{"href":"https:\/\/norecu.de\/en\/wp-json\/wp\/v2\/pages"}],"about":[{"href":"https:\/\/norecu.de\/en\/wp-json\/wp\/v2\/types\/page"}],"author":[{"embeddable":true,"href":"https:\/\/norecu.de\/en\/wp-json\/wp\/v2\/users\/12"}],"replies":[{"embeddable":true,"href":"https:\/\/norecu.de\/en\/wp-json\/wp\/v2\/comments?post=5536"}],"version-history":[{"count":9,"href":"https:\/\/norecu.de\/en\/wp-json\/wp\/v2\/pages\/5536\/revisions"}],"predecessor-version":[{"id":6773,"href":"https:\/\/norecu.de\/en\/wp-json\/wp\/v2\/pages\/5536\/revisions\/6773"}],"up":[{"embeddable":true,"href":"https:\/\/norecu.de\/en\/wp-json\/wp\/v2\/pages\/5529"}],"wp:attachment":[{"href":"https:\/\/norecu.de\/en\/wp-json\/wp\/v2\/media?parent=5536"}],"curies":[{"name":"wp","href":"https:\/\/api.w.org\/{rel}","templated":true}]}}