

{"id":5546,"date":"2018-10-26T11:16:17","date_gmt":"2018-10-26T09:16:17","guid":{"rendered":"https:\/\/norecu.de\/?page_id=5546"},"modified":"2018-11-06T08:05:15","modified_gmt":"2018-11-06T07:05:15","slug":"duesseldorf","status":"publish","type":"page","link":"https:\/\/norecu.de\/en\/contact\/duesseldorf\/","title":{"rendered":"D\u00fcsseldorf"},"content":{"rendered":"<div id=\"pl-5546\"  class=\"panel-layout\" ><div id=\"pg-5546-0\"  class=\"panel-grid panel-no-style\" ><div id=\"pgc-5546-0-0\"  class=\"panel-grid-cell\" ><div id=\"panel-5546-0-0-0\" class=\"so-panel widget widget_sow-image panel-first-child panel-last-child\" data-index=\"0\" ><div\n\t\t\t\n\t\t\tclass=\"so-widget-sow-image so-widget-sow-image-default-8b5b6f678277-5546\"\n\t\t\t\n\t\t>\n\n<div class=\"sow-image-container\">\n\t\t<img alt=\"\" \t\tclass=\"so-widget-image\"\/>\n\t<\/div>\n\n<\/div><\/div><\/div><div id=\"pgc-5546-0-1\"  class=\"panel-grid-cell\" ><div id=\"panel-5546-0-1-0\" class=\"so-panel widget widget_sow-editor panel-first-child\" data-index=\"1\" ><div\n\t\t\t\n\t\t\tclass=\"so-widget-sow-editor so-widget-sow-editor-base\"\n\t\t\t\n\t\t><h3 class=\"widget-title\">D\u00fcsseldorf<\/h3>\n<div class=\"siteorigin-widget-tinymce textwidget\">\n\t<div class=\"siteorigin-widget-tinymce textwidget\">\n<p>Norecu Executive Search GmbH<br \/>\nIndustriehaus D\u00fcsseldorf<br \/>\nSchirmerstra\u00dfe 80<br \/>\n40211 D\u00fcsseldorf<br \/>\nTelefon: +49 211 158 265 23<\/p>\n<p>Contact:<br \/>\nAlice R\u00f6ther<br \/>\n<a href=\"mailto:a.roether@norecu.de\">a.roether@norecu.de<\/a><\/p>\n<p>Our NRW branch office is located on Schirmerstra\u00dfe in D\u00fcsseldorf-Pempelfort. From the D\u00fcsseldorf airport you can reach our office by car in approximately 15 minutes and by public transport in approximately 30 minutes with Line S1 to D\u00fcsseldorf Wehrhahn S. From the D\u00fcsseldorf main railway station (Hauptbahnhof D\u00fcsseldorf) it is just one stop to Wehrhahn S with Line S1. You could also take a taxi \u2013 it only takes about five minutes.<\/p>\n<\/div>\n<\/div>\n<\/div><\/div><div id=\"panel-5546-0-1-1\" class=\"so-panel widget widget_sow-google-map panel-last-child\" data-index=\"2\" ><div\n\t\t\t\n\t\t\tclass=\"so-widget-sow-google-map so-widget-sow-google-map-default-6b23895f316e-5546\"\n\t\t\t\n\t\t>\n<div class=\"sow-google-map-canvas\"\n\tstyle=\"\"\n\tid=\"map-canvas-f08ad628de8dcf027345c32536deae93\"\n\tdata-options=\"{&quot;address&quot;:&quot;&quot;,&quot;zoom&quot;:17,&quot;mobileZoom&quot;:17,&quot;gestureHandling&quot;:&quot;greedy&quot;,&quot;disableUi&quot;:false,&quot;markerIcon&quot;:&quot;&quot;,&quot;markersDraggable&quot;:false,&quot;markerAtCenter&quot;:true,&quot;markerInfoDisplay&quot;:&quot;click&quot;,&quot;markerInfoMultiple&quot;:true,&quot;markerPositions&quot;:[{&quot;place&quot;:&quot;Norecu Executive Search GmbH\\nIndustriehaus D\\u00fcsseldorf\\nSchirmerstra\\u00dfe 80\\n40211 D\\u00fcsseldorf&quot;,&quot;info&quot;:&quot;&quot;,&quot;infoSelectedEditor&quot;:&quot;tinymce&quot;,&quot;infoMaxWidth&quot;:&quot;&quot;,&quot;customMarkerIcon&quot;:0,&quot;customMarkerIconSize&quot;:&quot;&quot;}],&quot;mapName&quot;:&quot;&quot;,&quot;mapStyles&quot;:&quot;&quot;,&quot;directions&quot;:&quot;&quot;,&quot;apiKey&quot;:&quot;AIzaSyBW1jsSD3IUQt_QyYhH9iyx77mXUR9f3G8&quot;,&quot;breakpoint&quot;:780}\"\n\tdata-fallback-image=\"{&quot;img&quot;:&quot;&quot;}\"><\/div>\n<\/div><\/div><\/div><\/div><\/div>","protected":false},"excerpt":{"rendered":"<p>Norecu Executive Search GmbH Industriehaus D\u00fcsseldorf Schirmerstra\u00dfe 80 40211 D\u00fcsseldorf Telefon: +49 211 158 265 23 Contact: Alice R\u00f6ther a.roether@norecu.de Our NRW branch office is located on Schirmerstra\u00dfe in D\u00fcsseldorf-Pempelfort. From the D\u00fcsseldorf airport you can reach our office by car in approximately 15 minutes and by public transport in approximately 30 minutes with Line [&hellip;]<\/p>\n","protected":false},"author":12,"featured_media":0,"parent":5544,"menu_order":0,"comment_status":"closed","ping_status":"closed","template":"","meta":{"footnotes":""},"yoast_head":"<!-- This site is optimized with the Yoast SEO plugin v22.9 - https:\/\/yoast.com\/wordpress\/plugins\/seo\/ -->\n<title>D\u00fcsseldorf - Norecu Executive Search GmbH<\/title>\n<meta name=\"robots\" content=\"index, follow, max-snippet:-1, max-image-preview:large, max-video-preview:-1\" \/>\n<link rel=\"canonical\" href=\"https:\/\/norecu.de\/en\/contact\/duesseldorf\/\" \/>\n<meta property=\"og:locale\" content=\"en_US\" \/>\n<meta property=\"og:type\" content=\"article\" \/>\n<meta property=\"og:title\" content=\"D\u00fcsseldorf - Norecu Executive Search GmbH\" \/>\n<meta property=\"og:description\" content=\"Norecu Executive Search GmbH Industriehaus D\u00fcsseldorf Schirmerstra\u00dfe 80 40211 D\u00fcsseldorf Telefon: +49 211 158 265 23 Contact: Alice R\u00f6ther a.roether@norecu.de Our NRW branch office is located on Schirmerstra\u00dfe in D\u00fcsseldorf-Pempelfort. From the D\u00fcsseldorf airport you can reach our office by car in approximately 15 minutes and by public transport in approximately 30 minutes with Line [&hellip;]\" \/>\n<meta property=\"og:url\" content=\"https:\/\/norecu.de\/en\/contact\/duesseldorf\/\" \/>\n<meta property=\"og:site_name\" content=\"Norecu Executive Search GmbH\" \/>\n<meta property=\"article:modified_time\" content=\"2018-11-06T07:05:15+00:00\" \/>\n<meta name=\"twitter:card\" content=\"summary_large_image\" \/>\n<meta name=\"twitter:label1\" content=\"Est. reading time\" \/>\n\t<meta name=\"twitter:data1\" content=\"1 minute\" \/>\n<script type=\"application\/ld+json\" class=\"yoast-schema-graph\">{\"@context\":\"https:\/\/schema.org\",\"@graph\":[{\"@type\":\"WebPage\",\"@id\":\"https:\/\/norecu.de\/en\/contact\/duesseldorf\/\",\"url\":\"https:\/\/norecu.de\/en\/contact\/duesseldorf\/\",\"name\":\"D\u00fcsseldorf - Norecu Executive Search GmbH\",\"isPartOf\":{\"@id\":\"https:\/\/norecu.de\/#website\"},\"datePublished\":\"2018-10-26T09:16:17+00:00\",\"dateModified\":\"2018-11-06T07:05:15+00:00\",\"breadcrumb\":{\"@id\":\"https:\/\/norecu.de\/en\/contact\/duesseldorf\/#breadcrumb\"},\"inLanguage\":\"en-US\",\"potentialAction\":[{\"@type\":\"ReadAction\",\"target\":[\"https:\/\/norecu.de\/en\/contact\/duesseldorf\/\"]}]},{\"@type\":\"BreadcrumbList\",\"@id\":\"https:\/\/norecu.de\/en\/contact\/duesseldorf\/#breadcrumb\",\"itemListElement\":[{\"@type\":\"ListItem\",\"position\":1,\"name\":\"Home\",\"item\":\"https:\/\/norecu.de\/en\/\"},{\"@type\":\"ListItem\",\"position\":2,\"name\":\"Contact\",\"item\":\"https:\/\/norecu.de\/en\/contact\/\"},{\"@type\":\"ListItem\",\"position\":3,\"name\":\"D\u00fcsseldorf\"}]},{\"@type\":\"WebSite\",\"@id\":\"https:\/\/norecu.de\/#website\",\"url\":\"https:\/\/norecu.de\/\",\"name\":\"Norecu Executive Search GmbH\",\"description\":\"\",\"publisher\":{\"@id\":\"https:\/\/norecu.de\/#organization\"},\"potentialAction\":[{\"@type\":\"SearchAction\",\"target\":{\"@type\":\"EntryPoint\",\"urlTemplate\":\"https:\/\/norecu.de\/?s={search_term_string}\"},\"query-input\":\"required name=search_term_string\"}],\"inLanguage\":\"en-US\"},{\"@type\":\"Organization\",\"@id\":\"https:\/\/norecu.de\/#organization\",\"name\":\"Norecu Executive Search GmbH\",\"url\":\"https:\/\/norecu.de\/\",\"logo\":{\"@type\":\"ImageObject\",\"inLanguage\":\"en-US\",\"@id\":\"https:\/\/norecu.de\/#\/schema\/logo\/image\/\",\"url\":\"https:\/\/norecu.de\/wp-content\/uploads\/Norecu_Logo_1.0.png\",\"contentUrl\":\"https:\/\/norecu.de\/wp-content\/uploads\/Norecu_Logo_1.0.png\",\"width\":23623,\"height\":2286,\"caption\":\"Norecu Executive Search GmbH\"},\"image\":{\"@id\":\"https:\/\/norecu.de\/#\/schema\/logo\/image\/\"}}]}<\/script>\n<!-- \/ Yoast SEO plugin. -->","yoast_head_json":{"title":"D\u00fcsseldorf - Norecu Executive Search GmbH","robots":{"index":"index","follow":"follow","max-snippet":"max-snippet:-1","max-image-preview":"max-image-preview:large","max-video-preview":"max-video-preview:-1"},"canonical":"https:\/\/norecu.de\/en\/contact\/duesseldorf\/","og_locale":"en_US","og_type":"article","og_title":"D\u00fcsseldorf - Norecu Executive Search GmbH","og_description":"Norecu Executive Search GmbH Industriehaus D\u00fcsseldorf Schirmerstra\u00dfe 80 40211 D\u00fcsseldorf Telefon: +49 211 158 265 23 Contact: Alice R\u00f6ther a.roether@norecu.de Our NRW branch office is located on Schirmerstra\u00dfe in D\u00fcsseldorf-Pempelfort. From the D\u00fcsseldorf airport you can reach our office by car in approximately 15 minutes and by public transport in approximately 30 minutes with Line [&hellip;]","og_url":"https:\/\/norecu.de\/en\/contact\/duesseldorf\/","og_site_name":"Norecu Executive Search GmbH","article_modified_time":"2018-11-06T07:05:15+00:00","twitter_card":"summary_large_image","twitter_misc":{"Est. reading time":"1 minute"},"schema":{"@context":"https:\/\/schema.org","@graph":[{"@type":"WebPage","@id":"https:\/\/norecu.de\/en\/contact\/duesseldorf\/","url":"https:\/\/norecu.de\/en\/contact\/duesseldorf\/","name":"D\u00fcsseldorf - Norecu Executive Search GmbH","isPartOf":{"@id":"https:\/\/norecu.de\/#website"},"datePublished":"2018-10-26T09:16:17+00:00","dateModified":"2018-11-06T07:05:15+00:00","breadcrumb":{"@id":"https:\/\/norecu.de\/en\/contact\/duesseldorf\/#breadcrumb"},"inLanguage":"en-US","potentialAction":[{"@type":"ReadAction","target":["https:\/\/norecu.de\/en\/contact\/duesseldorf\/"]}]},{"@type":"BreadcrumbList","@id":"https:\/\/norecu.de\/en\/contact\/duesseldorf\/#breadcrumb","itemListElement":[{"@type":"ListItem","position":1,"name":"Home","item":"https:\/\/norecu.de\/en\/"},{"@type":"ListItem","position":2,"name":"Contact","item":"https:\/\/norecu.de\/en\/contact\/"},{"@type":"ListItem","position":3,"name":"D\u00fcsseldorf"}]},{"@type":"WebSite","@id":"https:\/\/norecu.de\/#website","url":"https:\/\/norecu.de\/","name":"Norecu Executive Search GmbH","description":"","publisher":{"@id":"https:\/\/norecu.de\/#organization"},"potentialAction":[{"@type":"SearchAction","target":{"@type":"EntryPoint","urlTemplate":"https:\/\/norecu.de\/?s={search_term_string}"},"query-input":"required name=search_term_string"}],"inLanguage":"en-US"},{"@type":"Organization","@id":"https:\/\/norecu.de\/#organization","name":"Norecu Executive Search GmbH","url":"https:\/\/norecu.de\/","logo":{"@type":"ImageObject","inLanguage":"en-US","@id":"https:\/\/norecu.de\/#\/schema\/logo\/image\/","url":"https:\/\/norecu.de\/wp-content\/uploads\/Norecu_Logo_1.0.png","contentUrl":"https:\/\/norecu.de\/wp-content\/uploads\/Norecu_Logo_1.0.png","width":23623,"height":2286,"caption":"Norecu Executive Search GmbH"},"image":{"@id":"https:\/\/norecu.de\/#\/schema\/logo\/image\/"}}]}},"_links":{"self":[{"href":"https:\/\/norecu.de\/en\/wp-json\/wp\/v2\/pages\/5546"}],"collection":[{"href":"https:\/\/norecu.de\/en\/wp-json\/wp\/v2\/pages"}],"about":[{"href":"https:\/\/norecu.de\/en\/wp-json\/wp\/v2\/types\/page"}],"author":[{"embeddable":true,"href":"https:\/\/norecu.de\/en\/wp-json\/wp\/v2\/users\/12"}],"replies":[{"embeddable":true,"href":"https:\/\/norecu.de\/en\/wp-json\/wp\/v2\/comments?post=5546"}],"version-history":[{"count":3,"href":"https:\/\/norecu.de\/en\/wp-json\/wp\/v2\/pages\/5546\/revisions"}],"predecessor-version":[{"id":5698,"href":"https:\/\/norecu.de\/en\/wp-json\/wp\/v2\/pages\/5546\/revisions\/5698"}],"up":[{"embeddable":true,"href":"https:\/\/norecu.de\/en\/wp-json\/wp\/v2\/pages\/5544"}],"wp:attachment":[{"href":"https:\/\/norecu.de\/en\/wp-json\/wp\/v2\/media?parent=5546"}],"curies":[{"name":"wp","href":"https:\/\/api.w.org\/{rel}","templated":true}]}}