

{"id":5575,"date":"2018-11-06T07:58:28","date_gmt":"2018-11-06T06:58:28","guid":{"rendered":"https:\/\/norecu.de\/?page_id=5575"},"modified":"2022-06-02T11:21:11","modified_gmt":"2022-06-02T09:21:11","slug":"legal-notice","status":"publish","type":"page","link":"https:\/\/norecu.de\/en\/legal-notice\/","title":{"rendered":"Legal notice"},"content":{"rendered":"<div id=\"pl-5575\"  class=\"panel-layout\" ><div id=\"pg-5575-0\"  class=\"panel-grid panel-no-style\" ><div id=\"pgc-5575-0-0\"  class=\"panel-grid-cell\" ><div id=\"panel-5575-0-0-0\" class=\"so-panel widget widget_sow-editor panel-first-child panel-last-child\" data-index=\"0\" ><div\n\t\t\t\n\t\t\tclass=\"so-widget-sow-editor so-widget-sow-editor-base\"\n\t\t\t\n\t\t>\n<div class=\"siteorigin-widget-tinymce textwidget\">\n\t<h1>Legal notice<\/h1>\n<p>Angaben gem\u00e4\u00df \u00a7 5 TMG<\/p>\n<p>Norecu Executive Search GmbH<br \/>\nM\u00fcnchner Freiheit 20<br \/>\n80802 M\u00fcnchen<\/p>\n<p>Vertreten durch:<br \/>\nGesch\u00e4ftsf\u00fchrung: Dipl.-Kffr. Marlind Scharpf born Klopfer<\/p>\n<p>Kontakt:<br \/>\nTelefon: <a href=\"tel:+4989121931050\">+49 89 1219310 50<\/a><br \/>\nTelefax: <a href=\"tel:+4989121934051\">+49 89 1219340 51<\/a><br \/>\nE-Mail: <a href=\"mailto:office@norecu.de\">office@norecu.de<\/a><\/p>\n<p>Registereintrag:<br \/>\nEintragung im Handelsregister<br \/>\nRegistergericht: M\u00fcnchen<br \/>\nRegisternummer: HRB 202851<\/p>\n<p>Umsatzsteuer-ID:<br \/>\nUmsatzsteuer-Identifikationsnummer gem\u00e4\u00df \u00a727a Umsatzsteuergesetz: DE286980953<\/p>\n<p>Verantwortlich f\u00fcr den Inhalt nach \u00a7 55 Abs. 2 RStV:<br \/>\nKatja Hoppe-Reinbold<br \/>\nM\u00fcnchner Freiheit 20<br \/>\n80802 M\u00fcnchen<\/p>\n<p>Portraitfotos: Esther Neuman, M\u00fcnchen<\/p>\n<p>Haftungsausschluss:<br \/>\nHaftung f\u00fcr Inhalte<br \/>\nDie Inhalte unserer Seiten wurden mit gr\u00f6\u00dfter Sorgfalt erstellt. F\u00fcr die Richtigkeit, Vollst\u00e4ndigkeit und Aktualit\u00e4t der Inhalte k\u00f6nnen wir jedoch keine Gew\u00e4hr \u00fcbernehmen. Als Diensteanbieter sind wir gem\u00e4\u00df \u00a7 7 Abs.1 TMG f\u00fcr eigene Inhalte auf diesen Seiten nach den allgemeinen Gesetzen verantwortlich. Nach \u00a7\u00a7 8 bis 10 TMG sind wir als Diensteanbieter jedoch nicht verpflichtet, \u00fcbermittelte oder gespeicherte fremde Informationen zu \u00fcberwachen oder nach Umst\u00e4nden zu forschen, die auf eine rechtswidrige T\u00e4tigkeit hinweisen. Verpflichtungen zur Entfernung oder Sperrung der Nutzung von Informationen nach den allgemeinen Gesetzen bleiben hiervon unber\u00fchrt. Eine diesbez\u00fcgliche Haftung ist jedoch erst ab dem Zeitpunkt der Kenntnis einer konkreten Rechtsverletzung m\u00f6glich. Bei Bekanntwerden von entsprechenden Rechtsverletzungen werden wir diese Inhalte umgehend entfernen.<\/p>\n<p>Haftung f\u00fcr Links<br \/>\nUnser Angebot enth\u00e4lt Links zu externen Webseiten Dritter, auf deren Inhalte wir keinen Einfluss haben. Deshalb k\u00f6nnen wir f\u00fcr diese fremden Inhalte auch keine Gew\u00e4hr \u00fcbernehmen. F\u00fcr die Inhalte der verlinkten Seiten ist stets der jeweilige Anbieter oder Betreiber der Seiten verantwortlich. Die verlinkten Seiten wurden zum Zeitpunkt der Verlinkung auf m\u00f6gliche Rechtsverst\u00f6\u00dfe \u00fcberpr\u00fcft. Rechtswidrige Inhalte waren zum Zeitpunkt der Verlinkung nicht erkennbar. Eine permanente inhaltliche Kontrolle der verlinkten Seiten ist jedoch ohne konkrete Anhaltspunkte einer Rechtsverletzung nicht zumutbar. Bei Bekanntwerden von Rechtsverletzungen werden wir derartige Links umgehend entfernen.<\/p>\n<p>Urheberrecht<br \/>\nDie durch die Seitenbetreiber erstellten Inhalte und Werke auf diesen Seiten unterliegen dem deutschen Urheberrecht. Die Vervielf\u00e4ltigung, Bearbeitung, Verbreitung und jede Art der Verwertung au\u00dferhalb der Grenzen des Urheberrechtes bed\u00fcrfen der schriftlichen Zustimmung des jeweiligen Autors bzw. Erstellers. Downloads und Kopien dieser Seite sind nur f\u00fcr den privaten, nicht kommerziellen Gebrauch gestattet. Soweit die Inhalte auf dieser Seite nicht vom Betreiber erstellt wurden, werden die Urheberrechte Dritter beachtet. Insbesondere werden Inhalte Dritter als solche gekennzeichnet. Sollten Sie trotzdem auf eine Urheberrechtsverletzung aufmerksam werden, bitten wir um einen entsprechenden Hinweis. Bei Bekanntwerden von Rechtsverletzungen werden wir derartige Inhalte umgehend entfernen.<\/p>\n<p>Google AdSense<br \/>\nDiese Website benutzt Google Adsense, einen Webanzeigendienst der Google Inc., USA (\u201cGoogle\u201c). Google Adsense verwendet sog. \u201cCookies\u201c (Textdateien), die auf Ihrem Computer gespeichert werden und die eine Analyse der Benutzung der Website durch Sie erm\u00f6glicht. Google Adsense verwendet auch sog. \u201cWeb Beacons\u201c (kleine unsichtbare Grafiken) zur Sammlung von Informationen. Durch die Verwendung des Web Beacons k\u00f6nnen einfache Aktionen wie der Besucherverkehr auf der Webseite aufgezeichnet und gesammelt werden. Die durch den Cookie und\/oder Web Beacon erzeugten Informationen \u00fcber Ihre Benutzung dieser Website (einschlie\u00dflich Ihrer IP-Adresse) werden an einen Server von Google in den USA \u00fcbertragen und dort gespeichert. Google wird diese Informationen benutzen, um Ihre Nutzung der Website im Hinblick auf die Anzeigen auszuwerten, um Reports \u00fcber die Websiteaktivit\u00e4ten und Anzeigen f\u00fcr die Websitebetreiber zusammenzustellen und um weitere mit der Websitenutzung und der Internetnutzung verbundene Dienstleistungen zu erbringen. Auch wird Google diese Informationen gegebenenfalls an Dritte \u00fcbertragen, sofern dies gesetzlich vorgeschrieben oder soweit Dritte diese Daten im Auftrag von Google verarbeiten. Google wird in keinem Fall Ihre IP-Adresse mit anderen Daten der Google in Verbindung bringen. Das Speichern von Cookies auf Ihrer Festplatte und die Anzeige von Web Beacons k\u00f6nnen Sie verhindern, indem Sie in Ihren Browser-Einstellungen \u201ckeine Cookies akzeptieren\u201c w\u00e4hlen (Im MS Internet-Explorer unter \u201cExtras &gt; Internetoptionen &gt; Datenschutz &gt; Einstellung\u201c; im Firefox unter \u201cExtras &gt; Einstellungen &gt; Datenschutz &gt; Cookies\u201c); wir weisen Sie jedoch darauf hin, dass Sie in diesem Fall gegebenenfalls nicht s\u00e4mtliche Funktionen dieser Website voll umf\u00e4nglich nutzen k\u00f6nnen. Durch die Nutzung dieser Website erkl\u00e4ren Sie sich mit der Bearbeitung der \u00fcber Sie erhobenen Daten durch Google in der zuvor beschriebenen Art und Weise und zu dem zuvor benannten Zweck einverstanden.<\/p>\n<p>Recht auf Auskunft, L\u00f6schung, Sperrung<br \/>\nSie haben jederzeit das Recht auf unentgeltliche Auskunft \u00fcber Ihre gespeicherten personenbezogenen Daten, deren Herkunft und Empf\u00e4nger und den Zweck der Datenverarbeitung sowie ein Recht auf Berichtigung, Sperrung oder L\u00f6schung dieser Daten. Hierzu sowie zu weiteren Fragen zum Thema personenbezogene Daten k\u00f6nnen Sie sich jederzeit unter der im Impressum angegebenen Adresse an uns wenden.<\/p>\n<\/div>\n<\/div><\/div><\/div><\/div><\/div>","protected":false},"excerpt":{"rendered":"<p>Legal notice Angaben gem\u00e4\u00df \u00a7 5 TMG Norecu Executive Search GmbH M\u00fcnchner Freiheit 20 80802 M\u00fcnchen Vertreten durch: Gesch\u00e4ftsf\u00fchrung: Dipl.-Kffr. Marlind Scharpf born Klopfer Kontakt: Telefon: +49 89 1219310 50 Telefax: +49 89 1219340 51 E-Mail: office@norecu.de Registereintrag: Eintragung im Handelsregister Registergericht: M\u00fcnchen Registernummer: HRB 202851 Umsatzsteuer-ID: Umsatzsteuer-Identifikationsnummer gem\u00e4\u00df \u00a727a Umsatzsteuergesetz: DE286980953 Verantwortlich f\u00fcr den [&hellip;]<\/p>\n","protected":false},"author":12,"featured_media":0,"parent":0,"menu_order":0,"comment_status":"closed","ping_status":"closed","template":"","meta":{"footnotes":""},"yoast_head":"<!-- This site is optimized with the Yoast SEO plugin v22.9 - https:\/\/yoast.com\/wordpress\/plugins\/seo\/ -->\n<title>Legal notice - Norecu Executive Search GmbH<\/title>\n<meta name=\"robots\" content=\"index, follow, max-snippet:-1, max-image-preview:large, max-video-preview:-1\" \/>\n<link rel=\"canonical\" href=\"https:\/\/norecu.de\/en\/legal-notice\/\" \/>\n<meta property=\"og:locale\" content=\"en_US\" \/>\n<meta property=\"og:type\" content=\"article\" \/>\n<meta property=\"og:title\" content=\"Legal notice - Norecu Executive Search GmbH\" \/>\n<meta property=\"og:description\" content=\"Legal notice Angaben gem\u00e4\u00df \u00a7 5 TMG Norecu Executive Search GmbH M\u00fcnchner Freiheit 20 80802 M\u00fcnchen Vertreten durch: Gesch\u00e4ftsf\u00fchrung: Dipl.-Kffr. Marlind Scharpf born Klopfer Kontakt: Telefon: +49 89 1219310 50 Telefax: +49 89 1219340 51 E-Mail: office@norecu.de Registereintrag: Eintragung im Handelsregister Registergericht: M\u00fcnchen Registernummer: HRB 202851 Umsatzsteuer-ID: Umsatzsteuer-Identifikationsnummer gem\u00e4\u00df \u00a727a Umsatzsteuergesetz: DE286980953 Verantwortlich f\u00fcr den [&hellip;]\" \/>\n<meta property=\"og:url\" content=\"https:\/\/norecu.de\/en\/legal-notice\/\" \/>\n<meta property=\"og:site_name\" content=\"Norecu Executive Search GmbH\" \/>\n<meta property=\"article:modified_time\" content=\"2022-06-02T09:21:11+00:00\" \/>\n<meta name=\"twitter:card\" content=\"summary_large_image\" \/>\n<meta name=\"twitter:label1\" content=\"Est. reading time\" \/>\n\t<meta name=\"twitter:data1\" content=\"4 minutes\" \/>\n<script type=\"application\/ld+json\" class=\"yoast-schema-graph\">{\"@context\":\"https:\/\/schema.org\",\"@graph\":[{\"@type\":\"WebPage\",\"@id\":\"https:\/\/norecu.de\/en\/legal-notice\/\",\"url\":\"https:\/\/norecu.de\/en\/legal-notice\/\",\"name\":\"Legal notice - Norecu Executive Search GmbH\",\"isPartOf\":{\"@id\":\"https:\/\/norecu.de\/#website\"},\"datePublished\":\"2018-11-06T06:58:28+00:00\",\"dateModified\":\"2022-06-02T09:21:11+00:00\",\"breadcrumb\":{\"@id\":\"https:\/\/norecu.de\/en\/legal-notice\/#breadcrumb\"},\"inLanguage\":\"en-US\",\"potentialAction\":[{\"@type\":\"ReadAction\",\"target\":[\"https:\/\/norecu.de\/en\/legal-notice\/\"]}]},{\"@type\":\"BreadcrumbList\",\"@id\":\"https:\/\/norecu.de\/en\/legal-notice\/#breadcrumb\",\"itemListElement\":[{\"@type\":\"ListItem\",\"position\":1,\"name\":\"Home\",\"item\":\"https:\/\/norecu.de\/en\/\"},{\"@type\":\"ListItem\",\"position\":2,\"name\":\"Legal notice\"}]},{\"@type\":\"WebSite\",\"@id\":\"https:\/\/norecu.de\/#website\",\"url\":\"https:\/\/norecu.de\/\",\"name\":\"Norecu Executive Search GmbH\",\"description\":\"\",\"publisher\":{\"@id\":\"https:\/\/norecu.de\/#organization\"},\"potentialAction\":[{\"@type\":\"SearchAction\",\"target\":{\"@type\":\"EntryPoint\",\"urlTemplate\":\"https:\/\/norecu.de\/?s={search_term_string}\"},\"query-input\":\"required name=search_term_string\"}],\"inLanguage\":\"en-US\"},{\"@type\":\"Organization\",\"@id\":\"https:\/\/norecu.de\/#organization\",\"name\":\"Norecu Executive Search GmbH\",\"url\":\"https:\/\/norecu.de\/\",\"logo\":{\"@type\":\"ImageObject\",\"inLanguage\":\"en-US\",\"@id\":\"https:\/\/norecu.de\/#\/schema\/logo\/image\/\",\"url\":\"https:\/\/norecu.de\/wp-content\/uploads\/Norecu_Logo_1.0.png\",\"contentUrl\":\"https:\/\/norecu.de\/wp-content\/uploads\/Norecu_Logo_1.0.png\",\"width\":23623,\"height\":2286,\"caption\":\"Norecu Executive Search GmbH\"},\"image\":{\"@id\":\"https:\/\/norecu.de\/#\/schema\/logo\/image\/\"}}]}<\/script>\n<!-- \/ Yoast SEO plugin. -->","yoast_head_json":{"title":"Legal notice - Norecu Executive Search GmbH","robots":{"index":"index","follow":"follow","max-snippet":"max-snippet:-1","max-image-preview":"max-image-preview:large","max-video-preview":"max-video-preview:-1"},"canonical":"https:\/\/norecu.de\/en\/legal-notice\/","og_locale":"en_US","og_type":"article","og_title":"Legal notice - Norecu Executive Search GmbH","og_description":"Legal notice Angaben gem\u00e4\u00df \u00a7 5 TMG Norecu Executive Search GmbH M\u00fcnchner Freiheit 20 80802 M\u00fcnchen Vertreten durch: Gesch\u00e4ftsf\u00fchrung: Dipl.-Kffr. Marlind Scharpf born Klopfer Kontakt: Telefon: +49 89 1219310 50 Telefax: +49 89 1219340 51 E-Mail: office@norecu.de Registereintrag: Eintragung im Handelsregister Registergericht: M\u00fcnchen Registernummer: HRB 202851 Umsatzsteuer-ID: Umsatzsteuer-Identifikationsnummer gem\u00e4\u00df \u00a727a Umsatzsteuergesetz: DE286980953 Verantwortlich f\u00fcr den [&hellip;]","og_url":"https:\/\/norecu.de\/en\/legal-notice\/","og_site_name":"Norecu Executive Search GmbH","article_modified_time":"2022-06-02T09:21:11+00:00","twitter_card":"summary_large_image","twitter_misc":{"Est. reading time":"4 minutes"},"schema":{"@context":"https:\/\/schema.org","@graph":[{"@type":"WebPage","@id":"https:\/\/norecu.de\/en\/legal-notice\/","url":"https:\/\/norecu.de\/en\/legal-notice\/","name":"Legal notice - Norecu Executive Search GmbH","isPartOf":{"@id":"https:\/\/norecu.de\/#website"},"datePublished":"2018-11-06T06:58:28+00:00","dateModified":"2022-06-02T09:21:11+00:00","breadcrumb":{"@id":"https:\/\/norecu.de\/en\/legal-notice\/#breadcrumb"},"inLanguage":"en-US","potentialAction":[{"@type":"ReadAction","target":["https:\/\/norecu.de\/en\/legal-notice\/"]}]},{"@type":"BreadcrumbList","@id":"https:\/\/norecu.de\/en\/legal-notice\/#breadcrumb","itemListElement":[{"@type":"ListItem","position":1,"name":"Home","item":"https:\/\/norecu.de\/en\/"},{"@type":"ListItem","position":2,"name":"Legal notice"}]},{"@type":"WebSite","@id":"https:\/\/norecu.de\/#website","url":"https:\/\/norecu.de\/","name":"Norecu Executive Search GmbH","description":"","publisher":{"@id":"https:\/\/norecu.de\/#organization"},"potentialAction":[{"@type":"SearchAction","target":{"@type":"EntryPoint","urlTemplate":"https:\/\/norecu.de\/?s={search_term_string}"},"query-input":"required name=search_term_string"}],"inLanguage":"en-US"},{"@type":"Organization","@id":"https:\/\/norecu.de\/#organization","name":"Norecu Executive Search GmbH","url":"https:\/\/norecu.de\/","logo":{"@type":"ImageObject","inLanguage":"en-US","@id":"https:\/\/norecu.de\/#\/schema\/logo\/image\/","url":"https:\/\/norecu.de\/wp-content\/uploads\/Norecu_Logo_1.0.png","contentUrl":"https:\/\/norecu.de\/wp-content\/uploads\/Norecu_Logo_1.0.png","width":23623,"height":2286,"caption":"Norecu Executive Search GmbH"},"image":{"@id":"https:\/\/norecu.de\/#\/schema\/logo\/image\/"}}]}},"_links":{"self":[{"href":"https:\/\/norecu.de\/en\/wp-json\/wp\/v2\/pages\/5575"}],"collection":[{"href":"https:\/\/norecu.de\/en\/wp-json\/wp\/v2\/pages"}],"about":[{"href":"https:\/\/norecu.de\/en\/wp-json\/wp\/v2\/types\/page"}],"author":[{"embeddable":true,"href":"https:\/\/norecu.de\/en\/wp-json\/wp\/v2\/users\/12"}],"replies":[{"embeddable":true,"href":"https:\/\/norecu.de\/en\/wp-json\/wp\/v2\/comments?post=5575"}],"version-history":[{"count":7,"href":"https:\/\/norecu.de\/en\/wp-json\/wp\/v2\/pages\/5575\/revisions"}],"predecessor-version":[{"id":7155,"href":"https:\/\/norecu.de\/en\/wp-json\/wp\/v2\/pages\/5575\/revisions\/7155"}],"wp:attachment":[{"href":"https:\/\/norecu.de\/en\/wp-json\/wp\/v2\/media?parent=5575"}],"curies":[{"name":"wp","href":"https:\/\/api.w.org\/{rel}","templated":true}]}}