

{"id":5614,"date":"2018-11-06T08:30:14","date_gmt":"2018-11-06T07:30:14","guid":{"rendered":"https:\/\/norecu.de\/?page_id=5614"},"modified":"2018-11-08T11:23:54","modified_gmt":"2018-11-08T10:23:54","slug":"marlind-klopfer","status":"publish","type":"page","link":"https:\/\/norecu.de\/en\/norecu-team\/marlind-klopfer\/","title":{"rendered":"Marlind Klopfer"},"content":{"rendered":"<div id=\"pl-5614\"  class=\"panel-layout\" ><div id=\"pg-5614-0\"  class=\"panel-grid panel-has-style\" ><div class=\"team-content-mobile panel-row-style panel-row-style-for-5614-0\" ><div id=\"pgc-5614-0-0\"  class=\"panel-grid-cell\" >\n    <h1>Marlind Scharpf<\/h1>\n    <div class=\"norecu-team-main-content\"><p>(born Klopfer) is managing partner and responsible for mandates related to the Transport and Infrastructure field. For 15 years she has been supporting level 1-3 managers in their professional re-orientation. The group of clients ranges from railway systems to local transport right through to airports and port companies.<\/p>\n<p><a class=\"branchen-link\" href=\"#branchen-link\">Industries<\/a><\/p>\n<\/div>\n    <div class=\"norecu-team-zitat\">\n        <p class=\"norecu-team-zitat-content\"><strong><\/strong><\/p>\n        <p class=\"norecu-team-zitat-autor\"><\/p>\n    <\/div>\n\n    <div class=\"norecu-team-social\">\n        <ul>\n            <li><a href=\"https:\/\/www.xing.com\/profile\/Marlind_Klopfer\/cv?sc_o=ps2867\" target=\"_blank\"><img decoding=\"async\" src=\"https:\/\/norecu.de\/wp-content\/plugins\/norecu-team\/images\/xing_logo.png\" ><\/a><\/li>\n            <li><a href=\"https:\/\/www.linkedin.com\/in\/marlind-klopfer-b5619451\/\" target=\"_blank\"><img decoding=\"async\" src=\"https:\/\/norecu.de\/wp-content\/plugins\/norecu-team\/images\/linkedin_logo.png\" ><\/a><\/li>\n        <\/ul>\n    <\/div>\n<div id=\"panel-5614-0-0-0\" class=\"so-panel widget widget_sow-editor panel-first-child panel-last-child\" data-index=\"0\" ><div\n\t\t\t\n\t\t\tclass=\"so-widget-sow-editor so-widget-sow-editor-base\"\n\t\t\t\n\t\t>\n<div class=\"siteorigin-widget-tinymce textwidget\">\n\t\n<\/div>\n<\/div><\/div><\/div><\/div><\/div><div id=\"pg-5614-1\"  class=\"panel-grid panel-no-style\" ><div id=\"pgc-5614-1-0\"  class=\"panel-grid-cell\" ><div id=\"panel-5614-1-0-0\" class=\"so-panel widget widget_sow-editor panel-first-child panel-last-child\" data-index=\"1\" ><div\n\t\t\t\n\t\t\tclass=\"so-widget-sow-editor so-widget-sow-editor-base\"\n\t\t\t\n\t\t>\n<div class=\"siteorigin-widget-tinymce textwidget\">\n\t<h1>Highlights &amp; News<\/h1>\n<div class=\"norecu-recent-posts-author\"><div class=\"norecu-recent-posts-author-title\"><span>Workshop Candidate Experience<br>12 March 2018<\/span><\/div><div class=\"norecu-recent-posts-author-content\"><p>The application process \u2013  a positive candidate experience for a positive brand awareness (in German)<br \/><a href=\"https:\/\/norecu.de\/en\/workshop-candidate-experience\/\">read more<\/a><\/p><\/div><div class=\"norecu-recent-posts-author-title\"><span>NorecuReport &#8211; Faszination Gro\u00dfprojekt: Die F\u00fchrungskr\u00e4fte der Infrastruktur<br>02 November 2017<\/span><\/div><div class=\"norecu-recent-posts-author-content\"><p>Aufschlussreiche Antworten auf Fragen nach der Motivation und Identifikation, der Weiterentwicklung von St\u00e4rken in F\u00fchrung und Projektmanagement sowie den Zielen, Erwartungen und W\u00fcnschen von F\u00fchrungskr\u00e4ften in Infrastruktur-Gro\u00dfprojekten.<br \/><a href=\"https:\/\/norecu.de\/en\/norecureport-012017-faszination-grossprojekt-die-fuehrungskraefte-der-infrastruktur\/\">read more<\/a><\/p><\/div><\/div>\n<\/div>\n<\/div><\/div><\/div><\/div><div id=\"pg-5614-2\"  class=\"panel-grid panel-no-style\" ><div id=\"pgc-5614-2-0\"  class=\"panel-grid-cell\" ><div id=\"panel-5614-2-0-0\" class=\"so-panel widget widget_sow-editor panel-first-child\" data-index=\"2\" ><div id=\"branchen-link\" class=\"panel-widget-style panel-widget-style-for-5614-2-0-0\" ><div\n\t\t\t\n\t\t\tclass=\"so-widget-sow-editor so-widget-sow-editor-base\"\n\t\t\t\n\t\t>\n<div class=\"siteorigin-widget-tinymce textwidget\">\n\t<p>&nbsp;<\/p>\n<h1>Industry focus<\/h1>\n<\/div>\n<\/div><\/div><\/div><div id=\"panel-5614-2-0-1\" class=\"so-panel widget widget_sow-editor panel-last-child\" data-index=\"3\" ><div class=\"norecu-fokus panel-widget-style panel-widget-style-for-5614-2-0-1\" ><div\n\t\t\t\n\t\t\tclass=\"so-widget-sow-editor so-widget-sow-editor-base\"\n\t\t\t\n\t\t>\n<div class=\"siteorigin-widget-tinymce textwidget\">\n\t<h3><strong>Transport &amp; Infrastructure<\/strong><\/h3>\n<p>Infrastructure and mobility are the foundations for growth, wealth and employment. In times of ongoing globalization, transport and infrastructure belong to the most dynamic economic areas in Europe. By 2030 over 1,000 infrastructure projects with a volume of 270 million Euros are to be launched in Germany alone ...<br \/>\n<a href=\"https:\/\/norecu.de\/en\/industries\/transport-infrastructure\/\">read more<\/a><\/p>\n<\/div>\n<\/div><\/div><\/div><\/div><\/div><div id=\"pg-5614-3\"  class=\"panel-grid panel-no-style\" ><div id=\"pgc-5614-3-0\"  class=\"panel-grid-cell\" >\n    <h1>Contact Data<\/h1>\n    <div class=\"norecu-team-contact\">\n        <div class=\"norecu-team-contact-labels\">\n            <span>Phone:<\/span><br \/>\n            <span>Mail:<\/span>\n        <\/div>\n        <div class=\"norecu-team-contact-data\">\n            <span><a href=\"tel:+4989121931010\">+49 89 1219310 10<\/a><\/span><br \/>\n            <a href=\"mailto:m.scharpf@norecu.de\">m.scharpf@norecu.de<\/a>\n        <\/div>\n        <div class=\"norecu-team-contact-labels address\">\n            <span>Adress:<\/span>\n        <\/div>\n        <div class=\"norecu-team-contact-adresse\">\n            <span>Norecu Executive Search GmbH<br>\r\nM\u00fcnchner Freiheit 20<br>\r\n80802 M\u00fcnchen<\/span>\n        <\/div>\n    <\/div>\n\n<div id=\"panel-5614-3-0-0\" class=\"so-panel widget widget_sow-editor panel-first-child panel-last-child\" data-index=\"4\" ><div\n\t\t\t\n\t\t\tclass=\"so-widget-sow-editor so-widget-sow-editor-base\"\n\t\t\t\n\t\t>\n<div class=\"siteorigin-widget-tinymce textwidget\">\n\t\n<\/div>\n<\/div><\/div><\/div><\/div><div id=\"pg-5614-4\"  class=\"panel-grid panel-no-style\" ><div id=\"pgc-5614-4-0\"  class=\"panel-grid-cell\" ><div id=\"panel-5614-4-0-0\" class=\"so-panel widget widget_sow-editor panel-first-child panel-last-child\" data-index=\"5\" ><div\n\t\t\t\n\t\t\tclass=\"so-widget-sow-editor so-widget-sow-editor-base\"\n\t\t\t\n\t\t>\n<div class=\"siteorigin-widget-tinymce textwidget\">\n\t<p style=\"text-align: center;\"><strong>References:<\/strong><\/p>\n<div class=\"subCompetenceWrapper\">\n<div class=\"subCompetenceWrapper\">\n<p style=\"text-align: center;\">Division Manager Contract Management Project Company RU | Team Manager Tunnel Construction Project Company RU\u00a0|Operations Manager LRT Construction &amp; Operation Regulations\u00a0| Operations Manager Vehicles LRT | Manager Quality Control RU | Operations Manager Quality &amp; Processes Airport | Team Manager Customer Experience RU | Board Member Operations &amp; Technology LRT | Program Manager Lean Manufacturing RU | Sales Manager Manufacturer of Railway Technology<\/p>\n<\/div>\n<\/div>\n<\/div>\n<\/div><\/div><\/div><\/div><\/div>","protected":false},"excerpt":{"rendered":"<p>Highlights &amp; News &nbsp; Industry focus Transport &amp; Infrastructure Infrastructure and mobility are the foundations for growth, wealth and employment. In times of ongoing globalization, transport and infrastructure belong to the most dynamic economic areas in Europe. By 2030 over 1,000 infrastructure projects with a volume of 270 million Euros are to be launched in [&hellip;]<\/p>\n","protected":false},"author":12,"featured_media":0,"parent":5589,"menu_order":0,"comment_status":"closed","ping_status":"closed","template":"page-team.php","meta":{"footnotes":""},"yoast_head":"<!-- This site is optimized with the Yoast SEO plugin v22.9 - https:\/\/yoast.com\/wordpress\/plugins\/seo\/ -->\n<title>Marlind Klopfer - Norecu Executive Search GmbH<\/title>\n<meta name=\"robots\" content=\"index, follow, max-snippet:-1, max-image-preview:large, max-video-preview:-1\" \/>\n<link rel=\"canonical\" href=\"https:\/\/norecu.de\/en\/norecu-team\/marlind-klopfer\/\" \/>\n<meta property=\"og:locale\" content=\"en_US\" \/>\n<meta property=\"og:type\" content=\"article\" \/>\n<meta property=\"og:title\" content=\"Marlind Klopfer - Norecu Executive Search GmbH\" \/>\n<meta property=\"og:description\" content=\"Highlights &amp; News &nbsp; Industry focus Transport &amp; Infrastructure Infrastructure and mobility are the foundations for growth, wealth and employment. In times of ongoing globalization, transport and infrastructure belong to the most dynamic economic areas in Europe. By 2030 over 1,000 infrastructure projects with a volume of 270 million Euros are to be launched in [&hellip;]\" \/>\n<meta property=\"og:url\" content=\"https:\/\/norecu.de\/en\/norecu-team\/marlind-klopfer\/\" \/>\n<meta property=\"og:site_name\" content=\"Norecu Executive Search GmbH\" \/>\n<meta property=\"article:modified_time\" content=\"2018-11-08T10:23:54+00:00\" \/>\n<meta name=\"twitter:card\" content=\"summary_large_image\" \/>\n<meta name=\"twitter:label1\" content=\"Est. reading time\" \/>\n\t<meta name=\"twitter:data1\" content=\"1 minute\" \/>\n<script type=\"application\/ld+json\" class=\"yoast-schema-graph\">{\"@context\":\"https:\/\/schema.org\",\"@graph\":[{\"@type\":\"WebPage\",\"@id\":\"https:\/\/norecu.de\/en\/norecu-team\/marlind-klopfer\/\",\"url\":\"https:\/\/norecu.de\/en\/norecu-team\/marlind-klopfer\/\",\"name\":\"Marlind Klopfer - Norecu Executive Search GmbH\",\"isPartOf\":{\"@id\":\"https:\/\/norecu.de\/#website\"},\"datePublished\":\"2018-11-06T07:30:14+00:00\",\"dateModified\":\"2018-11-08T10:23:54+00:00\",\"breadcrumb\":{\"@id\":\"https:\/\/norecu.de\/en\/norecu-team\/marlind-klopfer\/#breadcrumb\"},\"inLanguage\":\"en-US\",\"potentialAction\":[{\"@type\":\"ReadAction\",\"target\":[\"https:\/\/norecu.de\/en\/norecu-team\/marlind-klopfer\/\"]}]},{\"@type\":\"BreadcrumbList\",\"@id\":\"https:\/\/norecu.de\/en\/norecu-team\/marlind-klopfer\/#breadcrumb\",\"itemListElement\":[{\"@type\":\"ListItem\",\"position\":1,\"name\":\"Home\",\"item\":\"https:\/\/norecu.de\/en\/\"},{\"@type\":\"ListItem\",\"position\":2,\"name\":\"Team\",\"item\":\"https:\/\/norecu.de\/en\/norecu-team\/\"},{\"@type\":\"ListItem\",\"position\":3,\"name\":\"Marlind Klopfer\"}]},{\"@type\":\"WebSite\",\"@id\":\"https:\/\/norecu.de\/#website\",\"url\":\"https:\/\/norecu.de\/\",\"name\":\"Norecu Executive Search GmbH\",\"description\":\"\",\"publisher\":{\"@id\":\"https:\/\/norecu.de\/#organization\"},\"potentialAction\":[{\"@type\":\"SearchAction\",\"target\":{\"@type\":\"EntryPoint\",\"urlTemplate\":\"https:\/\/norecu.de\/?s={search_term_string}\"},\"query-input\":\"required name=search_term_string\"}],\"inLanguage\":\"en-US\"},{\"@type\":\"Organization\",\"@id\":\"https:\/\/norecu.de\/#organization\",\"name\":\"Norecu Executive Search GmbH\",\"url\":\"https:\/\/norecu.de\/\",\"logo\":{\"@type\":\"ImageObject\",\"inLanguage\":\"en-US\",\"@id\":\"https:\/\/norecu.de\/#\/schema\/logo\/image\/\",\"url\":\"https:\/\/norecu.de\/wp-content\/uploads\/Norecu_Logo_1.0.png\",\"contentUrl\":\"https:\/\/norecu.de\/wp-content\/uploads\/Norecu_Logo_1.0.png\",\"width\":23623,\"height\":2286,\"caption\":\"Norecu Executive Search GmbH\"},\"image\":{\"@id\":\"https:\/\/norecu.de\/#\/schema\/logo\/image\/\"}}]}<\/script>\n<!-- \/ Yoast SEO plugin. -->","yoast_head_json":{"title":"Marlind Klopfer - Norecu Executive Search GmbH","robots":{"index":"index","follow":"follow","max-snippet":"max-snippet:-1","max-image-preview":"max-image-preview:large","max-video-preview":"max-video-preview:-1"},"canonical":"https:\/\/norecu.de\/en\/norecu-team\/marlind-klopfer\/","og_locale":"en_US","og_type":"article","og_title":"Marlind Klopfer - Norecu Executive Search GmbH","og_description":"Highlights &amp; News &nbsp; Industry focus Transport &amp; Infrastructure Infrastructure and mobility are the foundations for growth, wealth and employment. In times of ongoing globalization, transport and infrastructure belong to the most dynamic economic areas in Europe. By 2030 over 1,000 infrastructure projects with a volume of 270 million Euros are to be launched in [&hellip;]","og_url":"https:\/\/norecu.de\/en\/norecu-team\/marlind-klopfer\/","og_site_name":"Norecu Executive Search GmbH","article_modified_time":"2018-11-08T10:23:54+00:00","twitter_card":"summary_large_image","twitter_misc":{"Est. reading time":"1 minute"},"schema":{"@context":"https:\/\/schema.org","@graph":[{"@type":"WebPage","@id":"https:\/\/norecu.de\/en\/norecu-team\/marlind-klopfer\/","url":"https:\/\/norecu.de\/en\/norecu-team\/marlind-klopfer\/","name":"Marlind Klopfer - Norecu Executive Search GmbH","isPartOf":{"@id":"https:\/\/norecu.de\/#website"},"datePublished":"2018-11-06T07:30:14+00:00","dateModified":"2018-11-08T10:23:54+00:00","breadcrumb":{"@id":"https:\/\/norecu.de\/en\/norecu-team\/marlind-klopfer\/#breadcrumb"},"inLanguage":"en-US","potentialAction":[{"@type":"ReadAction","target":["https:\/\/norecu.de\/en\/norecu-team\/marlind-klopfer\/"]}]},{"@type":"BreadcrumbList","@id":"https:\/\/norecu.de\/en\/norecu-team\/marlind-klopfer\/#breadcrumb","itemListElement":[{"@type":"ListItem","position":1,"name":"Home","item":"https:\/\/norecu.de\/en\/"},{"@type":"ListItem","position":2,"name":"Team","item":"https:\/\/norecu.de\/en\/norecu-team\/"},{"@type":"ListItem","position":3,"name":"Marlind Klopfer"}]},{"@type":"WebSite","@id":"https:\/\/norecu.de\/#website","url":"https:\/\/norecu.de\/","name":"Norecu Executive Search GmbH","description":"","publisher":{"@id":"https:\/\/norecu.de\/#organization"},"potentialAction":[{"@type":"SearchAction","target":{"@type":"EntryPoint","urlTemplate":"https:\/\/norecu.de\/?s={search_term_string}"},"query-input":"required name=search_term_string"}],"inLanguage":"en-US"},{"@type":"Organization","@id":"https:\/\/norecu.de\/#organization","name":"Norecu Executive Search GmbH","url":"https:\/\/norecu.de\/","logo":{"@type":"ImageObject","inLanguage":"en-US","@id":"https:\/\/norecu.de\/#\/schema\/logo\/image\/","url":"https:\/\/norecu.de\/wp-content\/uploads\/Norecu_Logo_1.0.png","contentUrl":"https:\/\/norecu.de\/wp-content\/uploads\/Norecu_Logo_1.0.png","width":23623,"height":2286,"caption":"Norecu Executive Search GmbH"},"image":{"@id":"https:\/\/norecu.de\/#\/schema\/logo\/image\/"}}]}},"_links":{"self":[{"href":"https:\/\/norecu.de\/en\/wp-json\/wp\/v2\/pages\/5614"}],"collection":[{"href":"https:\/\/norecu.de\/en\/wp-json\/wp\/v2\/pages"}],"about":[{"href":"https:\/\/norecu.de\/en\/wp-json\/wp\/v2\/types\/page"}],"author":[{"embeddable":true,"href":"https:\/\/norecu.de\/en\/wp-json\/wp\/v2\/users\/12"}],"replies":[{"embeddable":true,"href":"https:\/\/norecu.de\/en\/wp-json\/wp\/v2\/comments?post=5614"}],"version-history":[{"count":12,"href":"https:\/\/norecu.de\/en\/wp-json\/wp\/v2\/pages\/5614\/revisions"}],"predecessor-version":[{"id":6086,"href":"https:\/\/norecu.de\/en\/wp-json\/wp\/v2\/pages\/5614\/revisions\/6086"}],"up":[{"embeddable":true,"href":"https:\/\/norecu.de\/en\/wp-json\/wp\/v2\/pages\/5589"}],"wp:attachment":[{"href":"https:\/\/norecu.de\/en\/wp-json\/wp\/v2\/media?parent=5614"}],"curies":[{"name":"wp","href":"https:\/\/api.w.org\/{rel}","templated":true}]}}